{"id":11885,"date":"2025-06-16T07:57:58","date_gmt":"2025-06-30T11:48:06","guid":{"rendered":"https:\/\/avesgams.org\/?post_type=product&#038;p=11885"},"modified":"2025-10-22T09:03:56","modified_gmt":"2025-10-22T09:03:56","slug":"formacion-especializada-de-acompanamiento-en-el-duelo-y-las-perdidas-2025","status":"publish","type":"product","link":"https:\/\/avesgams.org\/es\/producto\/formacion-especializada-de-acompanamiento-en-el-duelo-y-las-perdidas-2025\/","title":{"rendered":"Formaci\u00f3n especializada de acompa\u00f1amiento en el duelo y las p\u00e9rdidas 2025"},"content":{"rendered":"<h2>Profundiza en el acompa\u00f1amiento en el Duelo<\/h2>\n<p>El Nivel 3 de nuestra formaci\u00f3n especializada representa una oportunidad \u00fanica para los profesionales del sector y aquellos comprometidos en dar un paso adelante en su carrera. Con una duraci\u00f3n de nuevo meses, este nivel se centra en proporcionar una experiencia pr\u00e1ctica intensiva, donde los participantes pueden aplicar y redefinir sus habilidades de acompa\u00f1amiento en grupos de luto reales de la entidad. Adem\u00e1s, la participaci\u00f3n activa en espacios de supervisi\u00f3n y apoyo grupal ofrece un marco de reflexi\u00f3n y aprendizaje continuo, guiados por un equipo de profesionales reconocidos en el campo, como Albert Verdaguer, Sofia Dengr\u00e0, y otros expertos destacados.<\/p>\n<p>La finalidad de esta etapa avanzada es doble: permitir a los participantes vivir de cerca la din\u00e1mica y desaf\u00edos de los Grupos de Ayuda Mutua (GAM), as\u00ed como desarrollar una comprensi\u00f3n m\u00e1s profunda y emp\u00e1tica del acompa\u00f1amiento humanizado en el duelo. Este curso no s\u00f3lo enriquece profesionalmente, sino que tambi\u00e9n promueve un crecimiento personal significativo, preparando a los participantes para cuidar de s\u00ed mismos y de los dem\u00e1s con sensibilidad y profundidad.<\/p>\n<h3>Acceso y Pr\u00e1cticas<\/h3>\n<p>Para acceder a este nivel avanzado, los aspirantes tienen que haber completado los niveles 1 y 2 o demostrar experiencia equivalente en el \u00e1mbito del acompa\u00f1amiento en el luto. El curso incluye 54 horas de pr\u00e1cticas, divididas entre observaci\u00f3n y participaci\u00f3n activa, esenciales para consolidar el aprendizaje y preparar a los participantes para intervenciones efectivas en el duelo.<\/p>\n<h3 style=\"text-align: center;\">\u00bfQu\u00e9 dicen de esta formaci\u00f3n?<\/h3>\n<p style=\"text-align: center;\">[et_pb_section global_module=\"12144\"][\/et_pb_section]<\/p>\n<h2>\u00bfQuieres empezar tu camino en acompa\u00f1amiento en el duelo?<\/h2>\n<p>Si todav\u00eda no has cursado la formaci\u00f3n b\u00e1sica en acompa\u00f1amiento en el duelo, te ofrecemos una oportunidad \u00fanica para empezar a construir tu cimiento en este campo esencial. Descubre nuestra formaci\u00f3n b\u00e1sica, el punto de partida perfecto para aquellos comprometidos en hacer la diferencia en la vida de los dem\u00e1s. Inf\u00f3rmate m\u00e1s y \u00fanete a nuestra comunidad de profesionales dedicados.<\/p>\n<p><a href=\"https:\/\/avesgams.org\/es\/cursos-formacion\/#formaciones-nivel-1-2\">Ap\u00fantate a la formaci\u00f3n b\u00e1sica<\/a><\/p>\n","protected":false},"excerpt":{"rendered":"<p>Descubre nuestra formaci\u00f3n especializada en acompa\u00f1amiento en el duelo, un curso avanzado de 9 meses con pr\u00e1cticas reales y supervisi\u00f3n experta.<\/p>\n","protected":false},"featured_media":10111,"comment_status":"open","ping_status":"closed","template":"","meta":{"_et_pb_use_builder":"","_et_pb_old_content":"","_et_gb_content_width":""},"product_cat":[203,204],"product_tag":[],"class_list":{"0":"post-11885","1":"product","2":"type-product","3":"status-publish","4":"has-post-thumbnail","6":"product_cat-acompanamiento-en-el-duelo","7":"product_cat-formacion-de-aves","9":"first","10":"instock","11":"virtual","12":"sold-individually","13":"purchasable","14":"product-type-subscription"},"_links":{"self":[{"href":"https:\/\/avesgams.org\/es\/wp-json\/wp\/v2\/product\/11885","targetHints":{"allow":["GET"]}}],"collection":[{"href":"https:\/\/avesgams.org\/es\/wp-json\/wp\/v2\/product"}],"about":[{"href":"https:\/\/avesgams.org\/es\/wp-json\/wp\/v2\/types\/product"}],"replies":[{"embeddable":true,"href":"https:\/\/avesgams.org\/es\/wp-json\/wp\/v2\/comments?post=11885"}],"wp:featuredmedia":[{"embeddable":true,"href":"https:\/\/avesgams.org\/es\/wp-json\/wp\/v2\/media\/10111"}],"wp:attachment":[{"href":"https:\/\/avesgams.org\/es\/wp-json\/wp\/v2\/media?parent=11885"}],"wp:term":[{"taxonomy":"product_cat","embeddable":true,"href":"https:\/\/avesgams.org\/es\/wp-json\/wp\/v2\/product_cat?post=11885"},{"taxonomy":"product_tag","embeddable":true,"href":"https:\/\/avesgams.org\/es\/wp-json\/wp\/v2\/product_tag?post=11885"}],"curies":[{"name":"wp","href":"https:\/\/api.w.org\/{rel}","templated":true}]}}