{"id":10253,"date":"2024-03-04T11:58:21","date_gmt":"2024-03-20T15:46:59","guid":{"rendered":"https:\/\/avesgams.org\/product\/formacion-basica-de-acompanamiento-en-el-duelo-y-las-perdidas-del-otono\/"},"modified":"2025-09-17T07:17:44","modified_gmt":"2025-09-17T07:17:44","slug":"formacion-basica-de-acompanamiento-en-el-duelo-y-las-perdidas-del-otono","status":"publish","type":"product","link":"https:\/\/avesgams.org\/es\/producto\/formacion-basica-de-acompanamiento-en-el-duelo-y-las-perdidas-del-otono\/","title":{"rendered":"Formaci\u00f3n b\u00e1sica de acompa\u00f1amiento en el duelo y las p\u00e9rdidas 2024"},"content":{"rendered":"<h2>Transforma tu capacidad de acompa\u00f1ar en el duelo<\/h2>\n<p>La formaci\u00f3n b\u00e1sica AVES en acompa\u00f1amiento en el duelo ofrece un enfoque profundo e integral para el acompa\u00f1amiento en procesos de duelo y p\u00e9rdidas. A trav\u00e9s de dos niveles de aprendizaje y cuatro m\u00f3dulos especializados, los participantes profundizan en los aspectos te\u00f3ricos y pr\u00e1cticos del acompa\u00f1amiento, desde la comprensi\u00f3n del proceso de duelo hasta t\u00e9cnicas espec\u00edficas de ayuda. El curso est\u00e1 dise\u00f1ado tanto para profesionales del \u00e1mbito educativo, social o sanitario, como para cualquier persona interesada en profundizar en su propio proceso de autoconocimiento y habilidades de acompa\u00f1amiento.<\/p>\n<h3>Certificaci\u00f3n y aplicaci\u00f3n pr\u00e1ctica<\/h3>\n<p>Acabando el curso, los participantes recibir\u00e1n una certificaci\u00f3n que acredita sus habilidades y conocimientos adquiridos, prepar\u00e1ndolos para aplicar estos aprendizajes en contextos profesionales o personales. Esta formaci\u00f3n no solo ofrece herramientas pr\u00e1cticas, sino que tambi\u00e9n promueve un viaje de autoconocimiento y crecimiento personal, destac\u00e1ndose como una experiencia transformadora en el \u00e1mbito del acompa\u00f1amiento.<\/p>\n<p>Las pr\u00e1cticas profesionales, que son un componente clave para consolidar el aprendizaje, se realizan al finalizar la formaci\u00f3n completa, incluyendo tanto la parte b\u00e1sica como la especializada. Esto asegura que todos los participantes tengan la oportunidad de aplicar sus conocimientos en entornos reales, aumentando su experiencia y confianza en el acompa\u00f1amiento en duelo.<\/p>\n<h2>Formaci\u00f3n especializada en acompa\u00f1amiento en el duelo<\/h2>\n<p>Si ya has completado la formaci\u00f3n b\u00e1sica y buscas profundizar a\u00fan m\u00e1s en tus habilidades de acompa\u00f1amiento, te animamos a descubrir nuestra formaci\u00f3n especializada. Esta fase avanzada del programa te ofrece herramientas adicionales y conocimientos espec\u00edficos para situaciones de duelo m\u00e1s complejas, permiti\u00e9ndote especializarte y destacar en tu campo profesional.<\/p>\n<p><a href=\"https:\/\/avesgams.org\/es\/cursos-formacion\/#formaciones-nivel-3\">Ap\u00fantate a la formaci\u00f3n especializada<\/a><\/p>\n","protected":false},"excerpt":{"rendered":"<p>La Formaci\u00f3n B\u00e1sica de Acompa\u00f1amiento en el duelo y las p\u00e9rdidas se desarrolla durante 9 meses y ofrece a los participantes herramientas tanto te\u00f3ricas como pr\u00e1cticas por un acompa\u00f1amiento efectivo en procesos de duelo y p\u00e9rdidas, culminando con una certificaci\u00f3n que reconoce las propias habilidades.<\/p>\n<p><a href=\"\/formacio-cursos\/#formacions-nivell-1-2\">M\u00e1s informaci\u00f3n sobre las formaciones de AVES<\/a><\/p>\n","protected":false},"featured_media":9848,"comment_status":"open","ping_status":"closed","template":"","meta":{"_et_pb_use_builder":"","_et_pb_old_content":"","_et_gb_content_width":""},"product_cat":[203,204],"product_tag":[],"class_list":{"0":"post-10253","1":"product","2":"type-product","3":"status-publish","4":"has-post-thumbnail","6":"product_cat-acompanamiento-en-el-duelo","7":"product_cat-formacion-de-aves","9":"first","10":"instock","11":"virtual","12":"sold-individually","13":"purchasable","14":"product-type-subscription"},"_links":{"self":[{"href":"https:\/\/avesgams.org\/es\/wp-json\/wp\/v2\/product\/10253","targetHints":{"allow":["GET"]}}],"collection":[{"href":"https:\/\/avesgams.org\/es\/wp-json\/wp\/v2\/product"}],"about":[{"href":"https:\/\/avesgams.org\/es\/wp-json\/wp\/v2\/types\/product"}],"replies":[{"embeddable":true,"href":"https:\/\/avesgams.org\/es\/wp-json\/wp\/v2\/comments?post=10253"}],"wp:featuredmedia":[{"embeddable":true,"href":"https:\/\/avesgams.org\/es\/wp-json\/wp\/v2\/media\/9848"}],"wp:attachment":[{"href":"https:\/\/avesgams.org\/es\/wp-json\/wp\/v2\/media?parent=10253"}],"wp:term":[{"taxonomy":"product_cat","embeddable":true,"href":"https:\/\/avesgams.org\/es\/wp-json\/wp\/v2\/product_cat?post=10253"},{"taxonomy":"product_tag","embeddable":true,"href":"https:\/\/avesgams.org\/es\/wp-json\/wp\/v2\/product_tag?post=10253"}],"curies":[{"name":"wp","href":"https:\/\/api.w.org\/{rel}","templated":true}]}}