{"id":1776,"date":"2022-06-02T10:50:42","date_gmt":"2022-06-02T10:50:42","guid":{"rendered":"https:\/\/avesgams.org\/aviso-legal-y-politica-de-privacidad\/"},"modified":"2022-11-15T16:50:30","modified_gmt":"2022-11-15T16:50:30","slug":"aviso-legal-y-politica-de-privacidad","status":"publish","type":"page","link":"https:\/\/avesgams.org\/es\/aviso-legal-y-politica-de-privacidad\/","title":{"rendered":"Aviso legal y pol\u00edtica de privacidad"},"content":{"rendered":"<p>[et_pb_section fb_built=\u00bb1&#8243; _builder_version=\u00bb4.16&#8243; _module_preset=\u00bbdefault\u00bb global_colors_info=\u00bb{}\u00bb][et_pb_row _builder_version=\u00bb4.16&#8243; _module_preset=\u00bbdefault\u00bb global_colors_info=\u00bb{}\u00bb][et_pb_column type=\u00bb4_4&#8243; _builder_version=\u00bb4.16&#8243; _module_preset=\u00bbdefault\u00bb global_colors_info=\u00bb{}\u00bb][et_pb_text _builder_version=\u00bb4.18.0&#8243; _module_preset=\u00bbdefault\u00bb hover_enabled=\u00bb0&#8243; global_colors_info=\u00bb{}\u00bb sticky_enabled=\u00bb0&#8243;]<\/p>\n<h1>AVISO LEGAL<\/h1>\n<p>El sitio web www.avesgams.org es propiedad de: AVES &#8211; Grups d&#8217;ajuda m\u00fatua, amb NIF G61328373, i tiene su domicilio fiscal i social en:<br \/><strong>c\/ Val\u00e8ncia,246,2-1 Barcelona 08007<\/strong><\/p>\n<p>Si necesita realizar alguna consulta, puede dirigirse a <a href=\"mailto:info@avesgams.org\"><span style=\"text-decoration: underline;\">info@avesgams.org<\/span><\/a> o al tel\u00e9fono <strong>627 533 824.<\/strong><\/p>\n<p><strong>PROTECCI\u00d3N DE DATOS<\/strong><br \/>Cuando la persona usuaria facilite sus datos de car\u00e1cter personal en cualquiera de los formularios del site <a href=\"https:\/\/avesgams.org\/es\/\">www.avesgams.org<\/a> autoriza a AVES &#8211; Grupos de ayuda mutua a su tratamiento para la finalidad que se indique.<\/p>\n<p>Los datos facilitados por el usuario se incorporar\u00e1n a un fichero automatizado protegido con las medidas de seguridad legalmente establecidas.<\/p>\n<p>AVES GRUPOS DE DUELO no ceder\u00e1 a terceros los datos del Usuario, salvo que \u00e9ste haya dado su consentimiento, garantizando as\u00ed su confidencialidad.<\/p>\n<p><strong>POL\u00cdTICA DE PRIVACIDAD<\/strong><br \/>Ejercemos los oportunos controles de informaci\u00f3n de acuerdo con lo dispuesto en la Directiva Europea de Protecci\u00f3n de Datos de la UE (UE 95\/46\/EC) y la normativa de desarrollo establecida en el Reglamento General de Protecci\u00f3n de Datos (GDPR-EU General Data Protection Regulation).<\/p>\n<p>No est\u00e1 obligado, por ley o por contrato con nosotros, a facilitar informaci\u00f3n personal a trav\u00e9s de nuestra web. \u00danicamente, se requerir\u00e1 cuando sea estrictamente necesario para suministrar un servicio solicitado por su parte.<\/p>\n<p>AVES garantiza a la persona usuaria que mantendr\u00e1 absoluta confidencialidad sobre cualquier informaci\u00f3n, documento o producto propiedad de la persona usuaria que le sea entregado dentro del desarrollo de la relaci\u00f3n comercial.<\/p>\n<p><strong>Formulario de contacto<\/strong><br \/>Al enviarnos una petici\u00f3n a partir de un formulario de contacto, la informaci\u00f3n introducida en el formulario de solicitud, incluidos los datos facilitados, ser\u00e1n almacenados para procesar su petici\u00f3n y poder contactar con usted para responder a su consulta. En ning\u00fan caso difundiremos estos datos sin su consentimiento.<\/p>\n<p><strong>DERECHOS DEL USUARIO<\/strong><br \/>1) Tiene derecho a acceder a sus datos personales<\/p>\n<p>Tiene derecho a que le confirmemos si conservamos cualquiera de sus datos personales. Si todav\u00eda son conservados, tiene derecho a tener una copia de ellos ya ser informado sobre:<\/p>\n<p>1.- \u00bfPor qu\u00e9 estamos utilizando sus datos?<\/p>\n<p>2.- \u00bfQu\u00e9 categor\u00edas de informaci\u00f3n estamos utilizando?<\/p>\n<p>3.- \u00bfCon qui\u00e9n hemos compartido sus datos?<\/p>\n<p>4- \u00bfDurante cu\u00e1nto tiempo tenemos pensado conservar su informaci\u00f3n?<\/p>\n<p>Para mantener la seguridad de sus datos, deberemos verificar su identidad antes de facilitarle una copia de la informaci\u00f3n que conservamos.<\/p>\n<p>La primera copia que solicite ser\u00e1 gratuita. Si requiere m\u00e1s copias, podr\u00edamos facturar un cargo administrativo para cubrir nuestros costes.<\/p>\n<p>Tiene derecho a corregir cualquier dato incorrecto\/incompleto de sus datos personales<\/p>\n<p>Si nos ha solicitado una copia de su informaci\u00f3n personal, puede que advierta alg\u00fan error o inexactitud o simplemente no se encuentre completa. En este caso, puede contactar con nosotros y corregiremos\/incluiremos el dato solicitado.<\/p>\n<p>2) Tiene derecho a darse de baja, puede escribirnos a <a href=\"mailto:info@avesgams.org\"><span style=\"text-decoration: underline;\">info@avesgams.org.<\/span><\/a><\/p>\n<p>A veces, no ser\u00e1 necesario que sigamos conservando sus datos personales:<\/p>\n<p>1.- La informaci\u00f3n no se necesita por m\u00e1s tiempo, para el objetivo por el que fue almacenada.<\/p>\n<p>2.- Presenta su falta de consentimiento para la conservaci\u00f3n de los datos y nosotros no tenemos ninguna raz\u00f3n legal para seguir utiliz\u00e1ndola.<\/p>\n<p>3.- No est\u00e1s de acuerdo en que sigamos utilizando sus datos personales y no tenemos ninguna raz\u00f3n para mantenerlos.<\/p>\n<p>4.- Hemos utilizado sus datos ilegalmente.<\/p>\n<p>5.- Hemos recibido notificaci\u00f3n legal que nos obliga a eliminar sus datos personales.<\/p>\n<p>En dichas situaciones, tendr\u00e1 derecho a solicitar la eliminaci\u00f3n de sus datos personales. Si cree que se encuentra en uno de los casos, si os gusta, env\u00eda un correo a <a href=\"mailto:info@avesgams.org\"><span style=\"text-decoration: underline;\">info@avesgams.org.<\/span><\/a><\/p>\n<p>[\/et_pb_text][\/et_pb_column][\/et_pb_row][\/et_pb_section]<\/p>\n","protected":false},"excerpt":{"rendered":"<p>AVISO LEGAL El sitio web www.avesgams.org es propiedad de: AVES &#8211; Grups d&#8217;ajuda m\u00fatua, amb NIF G61328373, i tiene su domicilio fiscal i social en:c\/ Val\u00e8ncia,246,2-1 Barcelona 08007 Si necesita realizar alguna consulta, puede dirigirse a info@avesgams.org o al tel\u00e9fono 627 533 824. PROTECCI\u00d3N DE DATOSCuando la persona usuaria facilite sus datos de car\u00e1cter personal [&hellip;]<\/p>\n","protected":false},"author":1,"featured_media":0,"parent":0,"menu_order":0,"comment_status":"closed","ping_status":"closed","template":"","meta":{"_et_pb_use_builder":"on","_et_pb_old_content":"","_et_gb_content_width":"","footnotes":""},"dipi_cpt_category":[],"class_list":["post-1776","page","type-page","status-publish","hentry"],"_links":{"self":[{"href":"https:\/\/avesgams.org\/es\/wp-json\/wp\/v2\/pages\/1776","targetHints":{"allow":["GET"]}}],"collection":[{"href":"https:\/\/avesgams.org\/es\/wp-json\/wp\/v2\/pages"}],"about":[{"href":"https:\/\/avesgams.org\/es\/wp-json\/wp\/v2\/types\/page"}],"author":[{"embeddable":true,"href":"https:\/\/avesgams.org\/es\/wp-json\/wp\/v2\/users\/1"}],"replies":[{"embeddable":true,"href":"https:\/\/avesgams.org\/es\/wp-json\/wp\/v2\/comments?post=1776"}],"version-history":[{"count":9,"href":"https:\/\/avesgams.org\/es\/wp-json\/wp\/v2\/pages\/1776\/revisions"}],"predecessor-version":[{"id":4068,"href":"https:\/\/avesgams.org\/es\/wp-json\/wp\/v2\/pages\/1776\/revisions\/4068"}],"wp:attachment":[{"href":"https:\/\/avesgams.org\/es\/wp-json\/wp\/v2\/media?parent=1776"}],"wp:term":[{"taxonomy":"dipi_cpt_category","embeddable":true,"href":"https:\/\/avesgams.org\/es\/wp-json\/wp\/v2\/dipi_cpt_category?post=1776"}],"curies":[{"name":"wp","href":"https:\/\/api.w.org\/{rel}","templated":true}]}}