{"id":1703,"date":"2022-06-01T13:10:20","date_gmt":"2022-06-01T13:10:20","guid":{"rendered":"https:\/\/avesgams.org\/niveles-de-formacion\/"},"modified":"2022-06-07T07:23:05","modified_gmt":"2022-06-07T07:23:05","slug":"niveles-de-formacion","status":"publish","type":"page","link":"https:\/\/avesgams.org\/es\/niveles-de-formacion\/","title":{"rendered":"Niveles de formaci\u00f3n"},"content":{"rendered":"<p>[et_pb_section fb_built=\u00bb1&#8243; admin_label=\u00bbHeader\u00bb _builder_version=\u00bb4.17.3&#8243; _module_preset=\u00bbefe5c4f2-2f55-4c38-88bf-a4df98ad8b34&#8243; global_colors_info=\u00bb{}\u00bb][et_pb_row _builder_version=\u00bb4.16&#8243; _module_preset=\u00bbdefault\u00bb global_colors_info=\u00bb{}\u00bb][et_pb_column type=\u00bb4_4&#8243; _builder_version=\u00bb4.16&#8243; _module_preset=\u00bbdefault\u00bb custom_padding=\u00bb||||false|false\u00bb custom_padding_tablet=\u00bb0%||||false|false\u00bb custom_padding_phone=\u00bb\u00bb custom_padding_last_edited=\u00bbon|tablet\u00bb global_colors_info=\u00bb{}\u00bb][et_pb_text _builder_version=\u00bb4.17.3&#8243; _module_preset=\u00bbc22912bd-4806-4079-9a2a-64e90999cf03&#8243; locked=\u00bboff\u00bb global_colors_info=\u00bb{}\u00bb]<\/p>\n<h1>Niveles formativos<\/h1>\n<p>Aprendizaje te\u00f3rico y aprendizaje pr\u00e1ctico<\/p>\n<p>[\/et_pb_text][\/et_pb_column][\/et_pb_row][\/et_pb_section][et_pb_section fb_built=\u00bb1&#8243; _builder_version=\u00bb4.17.3&#8243; _module_preset=\u00bbdefault\u00bb hover_enabled=\u00bb0&#8243; global_colors_info=\u00bb{}\u00bb title_text=\u00bbAves &#8211; Cercles (3)\u00bb background_image=\u00bbhttps:\/\/avesgams.org\/wp-content\/uploads\/2022\/05\/Aves-Cercles-3-1.png\u00bb background_size=\u00bbcustom\u00bb background_position=\u00bbbottom_left\u00bb sticky_enabled=\u00bb0&#8243; background_image_height=\u00bb62%\u00bb][et_pb_row column_structure=\u00bb1_2,1_2&#8243; use_custom_gutter=\u00bbon\u00bb make_equal=\u00bbon\u00bb _builder_version=\u00bb4.17.3&#8243; _module_preset=\u00bbdefault\u00bb global_colors_info=\u00bb{}\u00bb][et_pb_column type=\u00bb1_2&#8243; _builder_version=\u00bb4.17.1&#8243; _module_preset=\u00bbdefault\u00bb global_colors_info=\u00bb{}\u00bb][et_pb_text content_tablet=\u00bb<\/p>\n<h2>Nivel 1<\/h2>\n<h2>Aprendizaje te\u00f3rico<\/h2>\n<p>A cargo de Mireia de Juan.<\/p>\n<p>\u00bb content_phone=\u00bb<\/p>\n<h2>Nivel 1<\/h2>\n<h2>Aprendizaje te\u00f3rico<\/h2>\n<p>A cargo de Mireia de Juan.<\/p>\n<p>\u00bb content_last_edited=\u00bbon|phone\u00bb _builder_version=\u00bb4.17.3&#8243; _module_preset=\u00bbdefault\u00bb text_font=\u00bb|600|||||||\u00bb global_colors_info=\u00bb{}\u00bb]<\/p>\n<h2>Nivel 1<\/h2>\n<h2>Aprendizaje te\u00f3rico<\/h2>\n<p>[\/et_pb_text][et_pb_text _builder_version=\u00bb4.17.3&#8243; _module_preset=\u00bbdefault\u00bb custom_margin=\u00bb||10px||false|false\u00bb global_colors_info=\u00bb{}\u00bb]<\/p>\n<h3>Metodologia<\/h3>\n<p>[\/et_pb_text][et_pb_blurb use_icon=\u00bbon\u00bb font_icon=\u00bb&#x5c;||divi||400&#8243; icon_color=\u00bb#1B90C9&#8243; icon_placement=\u00bbleft\u00bb image_icon_width=\u00bb25px\u00bb content_max_width=\u00bb1100px\u00bb _builder_version=\u00bb4.17.3&#8243; _module_preset=\u00bbdefault\u00bb custom_margin=\u00bb0px||0px||true|false\u00bb custom_padding=\u00bb4px||4px||true|false\u00bb global_colors_info=\u00bb{}\u00bb]<\/p>\n<p>Presentaci\u00f3n te\u00f3rica de los contenidos<\/p>\n<p>[\/et_pb_blurb][et_pb_blurb use_icon=\u00bbon\u00bb font_icon=\u00bb&#x5c;||divi||400&#8243; icon_color=\u00bb#1B90C9&#8243; icon_placement=\u00bbleft\u00bb image_icon_width=\u00bb25px\u00bb content_max_width=\u00bb1100px\u00bb _builder_version=\u00bb4.17.3&#8243; _module_preset=\u00bbdefault\u00bb custom_margin=\u00bb0px||0px||true|false\u00bb custom_padding=\u00bb4px||4px||true|false\u00bb global_colors_info=\u00bb{}\u00bb]<\/p>\n<p>Ejercicios que nos facilitar\u00e1n la incorporaci\u00f3n de los contenidos<\/p>\n<p>[\/et_pb_blurb][et_pb_blurb use_icon=\u00bbon\u00bb font_icon=\u00bb&#x5c;||divi||400&#8243; icon_color=\u00bb#1B90C9&#8243; icon_placement=\u00bbleft\u00bb image_icon_width=\u00bb25px\u00bb content_max_width=\u00bb1100px\u00bb _builder_version=\u00bb4.17.3&#8243; _module_preset=\u00bbdefault\u00bb custom_margin=\u00bb0px||0px||true|false\u00bb custom_padding=\u00bb4px||4px||true|false\u00bb global_colors_info=\u00bb{}\u00bb]<\/p>\n<p>Propuesta de lecturas<\/p>\n<p>[\/et_pb_blurb][et_pb_blurb use_icon=\u00bbon\u00bb font_icon=\u00bb&#x5c;||divi||400&#8243; icon_color=\u00bb#1B90C9&#8243; icon_placement=\u00bbleft\u00bb image_icon_width=\u00bb25px\u00bb content_max_width=\u00bb1100px\u00bb _builder_version=\u00bb4.17.3&#8243; _module_preset=\u00bbdefault\u00bb custom_margin=\u00bb0px||0px||true|false\u00bb custom_padding=\u00bb4px||4px||true|false\u00bb global_colors_info=\u00bb{}\u00bb]<\/p>\n<p>Propuesta de ejercicios en casa y trabajo reflexivo individual<\/p>\n<p>[\/et_pb_blurb][et_pb_text _builder_version=\u00bb4.17.3&#8243; _module_preset=\u00bbdefault\u00bb text_text_color=\u00bb#F5F3EE\u00bb header_3_text_color=\u00bb#F5F3EE\u00bb header_4_text_color=\u00bb#F5F3EE\u00bb background_color=\u00bb#1B90C9&#8243; custom_margin=\u00bb25px||||false|false\u00bb custom_padding=\u00bb22px|22px|53px|22px|false|true\u00bb border_radii=\u00bboff|22px|22px|22px|22px\u00bb box_shadow_style=\u00bbpreset2&#8243; global_colors_info=\u00bb{}\u00bb]<\/p>\n<h3>Contenidos<\/h3>\n<ul>\n<li>Pedagog\u00edas de la finitud.<\/li>\n<li>Los 4 cuadrantes de Elisabeth K\u00fcbler-Ross. (Primera parte: mental, f\u00edsica, emocional)<\/li>\n<li>Conocimiento emocional.<\/li>\n<li>El proceso de duelo.<\/li>\n<li>Dolor versus sufrimiento.<\/li>\n<li>El acompa\u00f1amiento en el dolor.<\/li>\n<li>La escucha activa.<\/li>\n<li>La comunicaci\u00f3n corporal, verbal, paraverbal y el silencio.<\/li>\n<li>Autoobservaci\u00f3n y autocuidado.<\/li>\n<li>Integraci\u00f3n, polaridades y dualidades.<\/li>\n<li>Introducci\u00f3n al concepto de ego.<\/li>\n<li>Introducci\u00f3n al tri\u00e1ngulo dram\u00e1tico de Karpman.<\/li>\n<li>Yo: una historia de cambios.<\/li>\n<li>El ritual.<\/li>\n<\/ul>\n<p>[\/et_pb_text][\/et_pb_column][et_pb_column type=\u00bb1_2&#8243; _builder_version=\u00bb4.17.1&#8243; _module_preset=\u00bbdefault\u00bb global_colors_info=\u00bb{}\u00bb][et_pb_text _builder_version=\u00bb4.17.3&#8243; _module_preset=\u00bbdefault\u00bb text_font=\u00bb|600|||||||\u00bb header_2_text_color=\u00bb#F27C5A\u00bb global_colors_info=\u00bb{}\u00bb]<\/p>\n<h2>Nivel 2<\/h2>\n<h2>Aprendizaje pr\u00e1ctico<\/h2>\n<p>[\/et_pb_text][et_pb_text _builder_version=\u00bb4.17.3&#8243; _module_preset=\u00bbdefault\u00bb header_3_text_color=\u00bb#F27C5A\u00bb custom_margin=\u00bb||10px||false|false\u00bb global_colors_info=\u00bb{}\u00bb]<\/p>\n<h3>Metodologia<\/h3>\n<p>[\/et_pb_text][et_pb_blurb use_icon=\u00bbon\u00bb font_icon=\u00bb&#x5c;||divi||400&#8243; icon_color=\u00bb#F27C5A\u00bb icon_placement=\u00bbleft\u00bb image_icon_width=\u00bb25px\u00bb content_max_width=\u00bb1100px\u00bb _builder_version=\u00bb4.17.3&#8243; _module_preset=\u00bbdefault\u00bb custom_margin=\u00bb0px||0px||true|false\u00bb custom_padding=\u00bb4px||4px||true|false\u00bb global_colors_info=\u00bb{}\u00bb]<\/p>\n<p>Grupo de Ayuda Mutua<\/p>\n<p>[\/et_pb_blurb][et_pb_blurb use_icon=\u00bbon\u00bb font_icon=\u00bb&#x5c;||divi||400&#8243; icon_color=\u00bb#F27C5A\u00bb icon_placement=\u00bbleft\u00bb image_icon_width=\u00bb25px\u00bb content_max_width=\u00bb1100px\u00bb _builder_version=\u00bb4.17.3&#8243; _module_preset=\u00bbdefault\u00bb custom_margin=\u00bb0px||0px||true|false\u00bb custom_padding=\u00bb4px||4px||true|false\u00bb global_colors_info=\u00bb{}\u00bb]<\/p>\n<p>Role-Playing<\/p>\n<p>[\/et_pb_blurb][et_pb_blurb use_icon=\u00bbon\u00bb font_icon=\u00bb&#x5c;||divi||400&#8243; icon_color=\u00bb#F27C5A\u00bb icon_placement=\u00bbleft\u00bb image_icon_width=\u00bb25px\u00bb content_max_width=\u00bb1100px\u00bb _builder_version=\u00bb4.17.3&#8243; _module_preset=\u00bbdefault\u00bb custom_margin=\u00bb0px||0px||true|false\u00bb custom_padding=\u00bb4px||4px||true|false\u00bb global_colors_info=\u00bb{}\u00bb]<\/p>\n<p>Presentaci\u00f3n te\u00f3rica de los contenidos<\/p>\n<p>[\/et_pb_blurb][et_pb_blurb use_icon=\u00bbon\u00bb font_icon=\u00bb&#x5c;||divi||400&#8243; icon_color=\u00bb#F27C5A\u00bb icon_placement=\u00bbleft\u00bb image_icon_width=\u00bb25px\u00bb content_max_width=\u00bb1100px\u00bb _builder_version=\u00bb4.17.3&#8243; _module_preset=\u00bbdefault\u00bb custom_margin=\u00bb0px||0px||true|false\u00bb custom_padding=\u00bb4px||4px||true|false\u00bb global_colors_info=\u00bb{}\u00bb]<\/p>\n<p>Propuesta de lecturas<\/p>\n<p>[\/et_pb_blurb][et_pb_text _builder_version=\u00bb4.17.3&#8243; _module_preset=\u00bbdefault\u00bb text_text_color=\u00bb#F5F3EE\u00bb header_3_text_color=\u00bb#F5F3EE\u00bb header_4_text_color=\u00bb#F5F3EE\u00bb background_color=\u00bb#F27C5A\u00bb custom_margin=\u00bb25px||||false|false\u00bb custom_padding=\u00bb22px|22px|22px|22px|true|true\u00bb border_radii=\u00bboff|22px|22px|22px|22px\u00bb box_shadow_style=\u00bbpreset2&#8243; global_colors_info=\u00bb{}\u00bb]<\/p>\n<h3>Contenidos<\/h3>\n<ul>\n<li>Profundizaci\u00f3n en el tri\u00e1ngulo dram\u00e1tico de Karpman.<\/li>\n<li>Profundizaci\u00f3n en el concepto de ego.<\/li>\n<li>Los 4 cuadrantes de Elisabeth K\u00fcbler-Ross. (Segunda parte: espiritual)<\/li>\n<li>El ni\u00f1o interior: identificaci\u00f3n e integraci\u00f3n del ni\u00f1o herido.<\/li>\n<li>Profundizaci\u00f3n en el concepto de p\u00e9rdida.<\/li>\n<li>El modelo del sanador herido\/sanadora herida.<\/li>\n<li>Reconocer nuestra esencia: un proceso de indagaci\u00f3n.<\/li>\n<li>El maestro\/la maestra interior.<\/li>\n<li>Los niveles de conciencia: de la realidad separada a la realidad unificada.<\/li>\n<li>La aceptaci\u00f3n, la confianza y el amor incondicional.<\/li>\n<\/ul>\n<p>[\/et_pb_text][et_pb_button button_url=\u00bbhttps:\/\/avesgams.org\/es\/formacion\/\u00bb button_text=\u00bbVuelve a formaci\u00f3n\u00bb _builder_version=\u00bb4.17.3&#8243; _module_preset=\u00bb4474851c-c0b5-4a4b-b9b8-c7970e0d2be0&#8243; button_text_color=\u00bb#F5F3EE\u00bb button_bg_color=\u00bb#284144&#8243; button_icon=\u00bb&#x34;||divi||400&#8243; button_icon_placement=\u00bbleft\u00bb custom_margin=\u00bb30px||0px||false|false\u00bb global_colors_info=\u00bb{}\u00bb][\/et_pb_button][\/et_pb_column][\/et_pb_row][\/et_pb_section]<\/p>\n","protected":false},"excerpt":{"rendered":"<p>Niveles formativos Aprendizaje te\u00f3rico y aprendizaje pr\u00e1cticoNivel 1 Aprendizaje te\u00f3ricoMetodologiaPresentaci\u00f3n te\u00f3rica de los contenidosEjercicios que nos facilitar\u00e1n la incorporaci\u00f3n de los contenidosPropuesta de lecturasPropuesta de ejercicios en casa y trabajo reflexivo individualContenidos Pedagog\u00edas de la finitud. Los 4 cuadrantes de Elisabeth K\u00fcbler-Ross. (Primera parte: mental, f\u00edsica, emocional) Conocimiento emocional. El proceso de duelo. Dolor versus [&hellip;]<\/p>\n","protected":false},"author":1,"featured_media":0,"parent":0,"menu_order":0,"comment_status":"closed","ping_status":"closed","template":"","meta":{"_et_pb_use_builder":"on","_et_pb_old_content":"","_et_gb_content_width":"","footnotes":""},"dipi_cpt_category":[],"class_list":["post-1703","page","type-page","status-publish","hentry"],"_links":{"self":[{"href":"https:\/\/avesgams.org\/es\/wp-json\/wp\/v2\/pages\/1703","targetHints":{"allow":["GET"]}}],"collection":[{"href":"https:\/\/avesgams.org\/es\/wp-json\/wp\/v2\/pages"}],"about":[{"href":"https:\/\/avesgams.org\/es\/wp-json\/wp\/v2\/types\/page"}],"author":[{"embeddable":true,"href":"https:\/\/avesgams.org\/es\/wp-json\/wp\/v2\/users\/1"}],"replies":[{"embeddable":true,"href":"https:\/\/avesgams.org\/es\/wp-json\/wp\/v2\/comments?post=1703"}],"version-history":[{"count":4,"href":"https:\/\/avesgams.org\/es\/wp-json\/wp\/v2\/pages\/1703\/revisions"}],"predecessor-version":[{"id":1808,"href":"https:\/\/avesgams.org\/es\/wp-json\/wp\/v2\/pages\/1703\/revisions\/1808"}],"wp:attachment":[{"href":"https:\/\/avesgams.org\/es\/wp-json\/wp\/v2\/media?parent=1703"}],"wp:term":[{"taxonomy":"dipi_cpt_category","embeddable":true,"href":"https:\/\/avesgams.org\/es\/wp-json\/wp\/v2\/dipi_cpt_category?post=1703"}],"curies":[{"name":"wp","href":"https:\/\/api.w.org\/{rel}","templated":true}]}}