{"id":10706,"date":"2024-06-21T08:26:11","date_gmt":"2024-06-21T08:26:11","guid":{"rendered":"https:\/\/avesgams.org\/accesibilidad\/"},"modified":"2024-06-21T08:26:12","modified_gmt":"2024-06-21T08:26:12","slug":"accesibilidad","status":"publish","type":"page","link":"https:\/\/avesgams.org\/es\/accesibilidad\/","title":{"rendered":"Accesibilidad"},"content":{"rendered":"<p>[et_pb_section fb_built=\u00bb1&#8243; theme_builder_area=\u00bbpost_content\u00bb _builder_version=\u00bb4.24.2&#8243; _module_preset=\u00bbdefault\u00bb][et_pb_row _builder_version=\u00bb4.24.2&#8243; _module_preset=\u00bbdefault\u00bb theme_builder_area=\u00bbpost_content\u00bb][et_pb_column _builder_version=\u00bb4.24.2&#8243; _module_preset=\u00bbdefault\u00bb type=\u00bb4_4&#8243; theme_builder_area=\u00bbpost_content\u00bb][et_pb_text _builder_version=\u00bb4.24.2&#8243; _module_preset=\u00bbdefault\u00bb theme_builder_area=\u00bbpost_content\u00bb hover_enabled=\u00bb0&#8243; sticky_enabled=\u00bb0&#8243;]<\/p>\n<h1>Accesibilidad<\/h1>\n<p>AVES \u2013 Grupos de ayuda mutua se compromete a hacer que vuestro sitio web, www.avesgams.org, sea accesible para todos los usuarios, incluyendo personas con discapacidades. Estamos comprometidos a garantizar que nuestro sitio web cumpla las pautas de accesibilidad web de nivel AA de la WCAG 2.1. <\/p>\n<h2>Situaci\u00f3n de cumplimiento<\/h2>\n<p>Las Pautas de Accesibilidad para el Contenido Web (WCAG) definen los requisitos para dise\u00f1adores y desarrolladores con tal de mejorar la accesibilidad para personas con discapacidades. Se definen tres niveles de conformidad: Nivel A, Nivel AA y Nivel AAA. www.retrobat.cat cumple parcialmente con WCAG 2.1 Nivel AA. Parcialmente significa que algunas partes del contenido no cumplen completamente el est\u00e1ndar de accesibilidad.   <\/p>\n<h2>Contenido no accesible<\/h2>\n<p>Podr\u00edan existir documentos ofim\u00e1ticos en PDF y otros formatos que no cumplen totalmente los requisitos d\u2019accesibilidad. Se pueden solicitar los documentos completamente accesibles desde los formularios de contacto. Podr\u00edan existir errores de c\u00f3digo puntuales en alguna p\u00e1gina de la web. <\/p>\n<h2>Feedback<\/h2>\n<p>Estamos comprometidos a continuar mejorando la accesibilidad de nuestro sitio web para garantizar que sea accesible para todos. Si tienes alguna pregunta o sugerencia, por favor contacte con nosotros. Firma: AVES Fecha: 21 de febrero de 2024<br \/>\n[\/et_pb_text][\/et_pb_column][\/et_pb_row][\/et_pb_section]<\/p>\n","protected":false},"excerpt":{"rendered":"<p>Accesibilidad AVES \u2013 Grupos de ayuda mutua se compromete a hacer que vuestro sitio web, www.avesgams.org, sea accesible para todos los usuarios, incluyendo personas con discapacidades. Estamos comprometidos a garantizar que nuestro sitio web cumpla las pautas de accesibilidad web de nivel AA de la WCAG 2.1. Situaci\u00f3n de cumplimiento Las Pautas de Accesibilidad para [&hellip;]<\/p>\n","protected":false},"author":1,"featured_media":0,"parent":0,"menu_order":0,"comment_status":"closed","ping_status":"closed","template":"","meta":{"_et_pb_use_builder":"on","_et_pb_old_content":"","_et_gb_content_width":"","footnotes":""},"dipi_cpt_category":[],"class_list":["post-10706","page","type-page","status-publish","hentry"],"_links":{"self":[{"href":"https:\/\/avesgams.org\/es\/wp-json\/wp\/v2\/pages\/10706","targetHints":{"allow":["GET"]}}],"collection":[{"href":"https:\/\/avesgams.org\/es\/wp-json\/wp\/v2\/pages"}],"about":[{"href":"https:\/\/avesgams.org\/es\/wp-json\/wp\/v2\/types\/page"}],"author":[{"embeddable":true,"href":"https:\/\/avesgams.org\/es\/wp-json\/wp\/v2\/users\/1"}],"replies":[{"embeddable":true,"href":"https:\/\/avesgams.org\/es\/wp-json\/wp\/v2\/comments?post=10706"}],"version-history":[{"count":2,"href":"https:\/\/avesgams.org\/es\/wp-json\/wp\/v2\/pages\/10706\/revisions"}],"predecessor-version":[{"id":10708,"href":"https:\/\/avesgams.org\/es\/wp-json\/wp\/v2\/pages\/10706\/revisions\/10708"}],"wp:attachment":[{"href":"https:\/\/avesgams.org\/es\/wp-json\/wp\/v2\/media?parent=10706"}],"wp:term":[{"taxonomy":"dipi_cpt_category","embeddable":true,"href":"https:\/\/avesgams.org\/es\/wp-json\/wp\/v2\/dipi_cpt_category?post=10706"}],"curies":[{"name":"wp","href":"https:\/\/api.w.org\/{rel}","templated":true}]}}